{"id":240,"date":"2021-05-30T14:45:59","date_gmt":"2021-05-30T14:45:59","guid":{"rendered":"https:\/\/holotropes-atmen.ch\/?page_id=240"},"modified":"2022-01-18T06:48:54","modified_gmt":"2022-01-18T06:48:54","slug":"ueber-uns","status":"publish","type":"page","link":"https:\/\/holotropes-atmen.ch\/index.php\/ueber-uns\/","title":{"rendered":"\u00dcber uns"},"content":{"rendered":"\n<div class=\"wp-block-themeisle-blocks-advanced-columns has-1-columns has-desktop-equal-layout has-tablet-equal-layout has-mobile-equal-layout has-default-gap has-vertical-unset\" id=\"wp-block-themeisle-blocks-advanced-columns-5e54a339\"><div class=\"wp-block-themeisle-blocks-advanced-columns-overlay\"><\/div><div class=\"innerblocks-wrap\">\n<div class=\"wp-block-themeisle-blocks-advanced-column\" id=\"wp-block-themeisle-blocks-advanced-column-dbc850f4\">\n<h2 id=\"das-netzwerk-fur-holotrope-atemtherapie-wer-sind-wir\"><strong>Das Netzwerk f\u00fcr Holotrope Atemtherapie: Wer sind wir?<\/strong><\/h2>\n\n\n\n<p>Unsere <strong>Vision:<\/strong> Anliegen des NHA ist es, sich f\u00fcr die Methode des Holotropen Atmens nach Stanislav Grof im deutschsprachigen Raum zu engagieren und durch Vernetzung und Information zur Qualit\u00e4t beizutragen.<\/p>\n<\/div>\n<\/div><\/div>\n\n\n\n<div class=\"wp-block-themeisle-blocks-advanced-columns has-1-columns has-desktop-equal-layout has-tablet-equal-layout has-mobile-equal-layout has-default-gap has-vertical-unset\" id=\"wp-block-themeisle-blocks-advanced-columns-56e48085\"><div class=\"wp-block-themeisle-blocks-advanced-columns-overlay\"><\/div><div class=\"innerblocks-wrap\">\n<div class=\"wp-block-themeisle-blocks-advanced-column\" id=\"wp-block-themeisle-blocks-advanced-column-d1ac9321\">\n<h2 id=\"was-wir-bieten\">Was wir bieten<\/h2>\n\n\n\n<div class=\"wp-block-columns\">\n<div class=\"wp-block-column\">\n<h3 id=\"fur-interessierte-information-qualitat\"><strong>F\u00fcr Interessierte: Information &amp; Qualit\u00e4t<\/strong><\/h3>\n\n\n\n<p>Menschen, die sich f\u00fcr das Holotrope Atmen interessieren, finden hier Informationen \u00fcber die Methode mit ihren Qualit\u00e4tsmerkmalen. Sie finden auf dieser Seite Anbieter des Holotropen Atmens im deutschsprachigen Raum, die von Stanislav und Brigitte Grof oder den von diesen autorisierten Ausbildnern des Grof\u00ae Legacy Training empfohlen wurden. Das NHA stellt Informationen zur Verf\u00fcgung und bem\u00fcht sich um die Qualit\u00e4t durch Information, Vernetzung und Austausch. Die Mitglieder des NHA arbeiten eigenverantwortlich im therapeutischen und Selbsterfahrungs-Setting, das NHA \u00fcbernimmt keine Garantie f\u00fcr die Angebote seiner Mitglieder.<\/p>\n<\/div>\n\n\n\n<div class=\"wp-block-column\">\n<h3 id=\"fur-therapeut-innen-und-facilitators-netzwerk\"><strong>F\u00fcr Therapeut*innen und Facilitators: Netzwerk<\/strong><\/h3>\n\n\n\n<p>Wir sind ein Netzwerk von Facilitators und Therapeuten, die Holotropes Atmen (nach Grof\u00ae;Grof Legacy Training) anbieten. Das NHA soll seinen Mitgliedern Vernetzungsplattform sein. Mitglieder haben die M\u00f6glichkeit, sich mit Kolleginnen und Kollegen im Rahmen von Intervisionsgruppen und dar\u00fcber hinaus auszutauschen. Das NHA empfiehlt, eigenverantwortlich Gruppen- oder Einzelsupervision zu besuchen. Inter- und Supervision tragen wesentlich zur Qualit\u00e4t der eigenen therapeutischen Arbeit bei.<\/p>\n<\/div>\n<\/div>\n<\/div>\n<\/div><\/div>\n\n\n\n<div class=\"wp-block-themeisle-blocks-advanced-columns has-1-columns has-desktop-equal-layout has-tablet-equal-layout has-mobile-equal-layout has-default-gap has-vertical-unset\" id=\"wp-block-themeisle-blocks-advanced-columns-6f440070\"><div class=\"wp-block-themeisle-blocks-advanced-columns-overlay\"><\/div><div class=\"innerblocks-wrap\">\n<div class=\"wp-block-themeisle-blocks-advanced-column\" id=\"wp-block-themeisle-blocks-advanced-column-dd7c3242\">\n<h2 id=\"die-geschichte-des-netzwerks-fur-holotrope-atemtherapie\">Die Geschichte des Netzwerks f\u00fcr Holotrope Atemtherapie<\/h2>\n\n\n\n<p>Das NHA ist die Nachfolgerin der <strong>Schweizerischen Vereinigung f\u00fcr Holotrope Atemtherapie SVHA<\/strong>, die 1996 von Friederike Meckel-Fischer, Leta Vonzun &amp; Theo Steiner gegr\u00fcndet wurde. Die Weiterf\u00fchrung der Vereinigung wurde im Oktober 2020 an Sandra Mahr und Helena Aicher \u00fcbergeben. Mit dieser Weiterentwicklung hat sich auch der Name gewandelt; die Vereinigung versteht sich als <strong>Netzwerk f\u00fcr Holotrope Atemtherapie<\/strong> im Deutschsprachigen Raum (<strong>NHA<\/strong>). Das NHA soll damit das Anliegen der Gr\u00fcnder der SVHA sowie Grof selbst weiterf\u00fchren: Die Methode des Holotropen Atmens zu vertreten, Informationen bereitzustellen und damit zur Qualit\u00e4t beizutragen. Das NHA ist eng mit Stanislav und Brigitte Grof sowie den Ausbildungsleitern des Grof\u00ae Legacy Training vernetzt. Wir bieten keine eigene Ausbildung an; dazu verweisen gerne an unsere Partnerinstitute.<\/p>\n<\/div>\n<\/div><\/div>\n\n\n\n<section class=\"wp-block-themeisle-blocks-advanced-columns alignfull has-1-columns has-desktop-equal-layout has-tablet-equal-layout has-mobile-equal-layout has-nogap-gap has-vertical-center animated fadeInUp slow\" id=\"wp-block-themeisle-blocks-advanced-columns-0d958e15\"><div class=\"wp-block-themeisle-blocks-advanced-columns-overlay\"><\/div><div class=\"innerblocks-wrap\">\n<div class=\"wp-block-themeisle-blocks-advanced-column\" id=\"wp-block-themeisle-blocks-advanced-column-56b6a96e\">\n<h2 class=\"has-text-align-center has-neve-text-color-color has-text-color\" id=\"mochten-sie-mehr-erfahren\">M\u00f6chten Sie mehr erfahren?<\/h2>\n\n\n\n<p class=\"has-text-align-center\">Wir stehen Ihnen gerne zur Verf\u00fcgung. Hier geht&#8217;s zum Kontaktformular:<\/p>\n\n\n\n<div class=\"wp-container-69e62bf0cd810 wp-block-buttons\">\n<div class=\"wp-block-button is-style-primary\"><a class=\"wp-block-button__link\" href=\"https:\/\/holotropes-atmen.ch\/index.php\/kontakt\/\">Kontakt<\/a><\/div>\n<\/div>\n<\/div>\n<\/div><\/section>\n","protected":false},"excerpt":{"rendered":"","protected":false},"author":1,"featured_media":223,"parent":0,"menu_order":0,"comment_status":"closed","ping_status":"closed","template":"","meta":{"neve_meta_sidebar":"full-width","neve_meta_container":"","neve_meta_enable_content_width":"on","neve_meta_content_width":100,"neve_meta_title_alignment":"","neve_meta_author_avatar":"","neve_post_elements_order":"","neve_meta_disable_header":"","neve_meta_disable_footer":"","neve_meta_disable_title":"","_themeisle_gutenberg_block_has_review":false,"_ti_tpc_template_sync":false,"_ti_tpc_template_id":"","footnotes":""},"class_list":["post-240","page","type-page","status-publish","has-post-thumbnail","hentry"],"_links":{"self":[{"href":"https:\/\/holotropes-atmen.ch\/index.php\/wp-json\/wp\/v2\/pages\/240","targetHints":{"allow":["GET"]}}],"collection":[{"href":"https:\/\/holotropes-atmen.ch\/index.php\/wp-json\/wp\/v2\/pages"}],"about":[{"href":"https:\/\/holotropes-atmen.ch\/index.php\/wp-json\/wp\/v2\/types\/page"}],"author":[{"embeddable":true,"href":"https:\/\/holotropes-atmen.ch\/index.php\/wp-json\/wp\/v2\/users\/1"}],"replies":[{"embeddable":true,"href":"https:\/\/holotropes-atmen.ch\/index.php\/wp-json\/wp\/v2\/comments?post=240"}],"version-history":[{"count":46,"href":"https:\/\/holotropes-atmen.ch\/index.php\/wp-json\/wp\/v2\/pages\/240\/revisions"}],"predecessor-version":[{"id":656,"href":"https:\/\/holotropes-atmen.ch\/index.php\/wp-json\/wp\/v2\/pages\/240\/revisions\/656"}],"wp:featuredmedia":[{"embeddable":true,"href":"https:\/\/holotropes-atmen.ch\/index.php\/wp-json\/wp\/v2\/media\/223"}],"wp:attachment":[{"href":"https:\/\/holotropes-atmen.ch\/index.php\/wp-json\/wp\/v2\/media?parent=240"}],"curies":[{"name":"wp","href":"https:\/\/api.w.org\/{rel}","templated":true}]}}